{"id":1025,"date":"2024-08-19T17:24:39","date_gmt":"2024-08-19T17:24:39","guid":{"rendered":"https:\/\/trisavoli.com\/?page_id=1025"},"modified":"2025-12-29T11:47:19","modified_gmt":"2025-12-29T11:47:19","slug":"contato","status":"publish","type":"page","link":"https:\/\/trisavoli.com\/es\/contato\/","title":{"rendered":"Contacto"},"content":{"rendered":"<div class=\"wpcf7 no-js\" id=\"wpcf7-f1635-o1\" lang=\"pt-PT\" dir=\"ltr\" data-wpcf7-id=\"1635\">\n<div class=\"screen-reader-response\"><p role=\"status\" aria-live=\"polite\" aria-atomic=\"true\"><\/p> <ul><\/ul><\/div>\n<form action=\"\/es\/wp-json\/wp\/v2\/pages\/1025#wpcf7-f1635-o1\" method=\"post\" class=\"wpcf7-form init\" aria-label=\"Formul\u00e1rio de contacto\" novalidate=\"novalidate\" data-status=\"init\" data-trp-original-action=\"\/es\/wp-json\/wp\/v2\/pages\/1025#wpcf7-f1635-o1\">\n<fieldset class=\"hidden-fields-container\"><input type=\"hidden\" name=\"_wpcf7\" value=\"1635\" \/><input type=\"hidden\" name=\"_wpcf7_version\" value=\"6.1.4\" \/><input type=\"hidden\" name=\"_wpcf7_locale\" value=\"pt_PT\" \/><input type=\"hidden\" name=\"_wpcf7_unit_tag\" value=\"wpcf7-f1635-o1\" \/><input type=\"hidden\" name=\"_wpcf7_container_post\" value=\"0\" \/><input type=\"hidden\" name=\"_wpcf7_posted_data_hash\" value=\"\" \/>\n<\/fieldset>\n<p>Para receber mais informa\u00e7\u00f5es sobre como contratar os nossos servi\u00e7os preencha os campos abaixo.\n<\/p>\n<p><label> <strong>\n\t\t\t<big>Nombre (obligatorio)\n\t\t\t<\/big><\/strong><br \/>\n<span class=\"wpcf7-form-control-wrap\" data-name=\"your-name\"><input size=\"40\" maxlength=\"400\" class=\"wpcf7-form-control wpcf7-text wpcf7-validates-as-required\" autocomplete=\"name\" aria-required=\"true\" aria-invalid=\"false\" value=\"\" type=\"text\" name=\"your-name\" \/><\/span> <\/label>\n<\/p>\n<hr \/>\n<p><label> <strong>\n\t\t\t<big> Correo electr\u00f3nico (obligatorio)\n\t\t\t<\/big><\/strong><br \/>\n<span class=\"wpcf7-form-control-wrap\" data-name=\"your-email\"><input size=\"40\" maxlength=\"400\" class=\"wpcf7-form-control wpcf7-email wpcf7-validates-as-required wpcf7-text wpcf7-validates-as-email\" autocomplete=\"email\" aria-required=\"true\" aria-invalid=\"false\" value=\"\" type=\"email\" name=\"your-email\" \/><\/span> <\/label>\n<\/p>\n<hr \/>\n<p><label> <strong>\n\t\t\t<big>Asunto (obligatorio)\n\t\t\t<\/big><\/strong><br \/>\n<span class=\"wpcf7-form-control-wrap\" data-name=\"checkbox-933\"><span class=\"wpcf7-form-control wpcf7-checkbox wpcf7-validates-as-required\"><span class=\"wpcf7-list-item first\"><label><input type=\"checkbox\" name=\"checkbox-933[]\" value=\"Pesquisa geneal\u00f3gica\" \/><span class=\"wpcf7-list-item-label\">Investigaci\u00f3n geneal\u00f3gica<\/span><\/label><\/span><span class=\"wpcf7-list-item\"><label><input type=\"checkbox\" name=\"checkbox-933[]\" value=\"Encontrar antepassado\" \/><span class=\"wpcf7-list-item-label\">Encontrar antepassado<\/span><\/label><\/span><span class=\"wpcf7-list-item\"><label><input type=\"checkbox\" name=\"checkbox-933[]\" value=\"Cidadania europeia\" \/><span class=\"wpcf7-list-item-label\">Ciudadan\u00eda europea<\/span><\/label><\/span><span class=\"wpcf7-list-item\"><label><input type=\"checkbox\" name=\"checkbox-933[]\" value=\"Transcri\u00e7\u00e3o paleogr\u00e1fica\" \/><span class=\"wpcf7-list-item-label\">Transcripci\u00f3n paleogr\u00e1fica<\/span><\/label><\/span><span class=\"wpcf7-list-item last\"><label><input type=\"checkbox\" name=\"checkbox-933[]\" value=\"Outros\" \/><span class=\"wpcf7-list-item-label\">Outros<\/span><\/label><\/span><\/span><\/span><br \/>\n\t<hr \/><br \/>\n<\/label><label> <strong>\n\t\t\t<big>Mensagem (obrigat\u00f3rio)\n\t\t\t<\/big><\/strong><br \/>\nInforme todos os detalhes que possui para o servi\u00e7o requerido.<br \/>\n<span class=\"wpcf7-form-control-wrap\" data-name=\"textarea-353\"><textarea cols=\"40\" rows=\"10\" maxlength=\"2500\" minlength=\"40\" class=\"wpcf7-form-control wpcf7-textarea wpcf7-validates-as-required\" aria-required=\"true\" aria-invalid=\"false\" name=\"textarea-353\"><\/textarea><\/span><br \/>\n<input class=\"wpcf7-form-control wpcf7-submit has-spinner\" type=\"submit\" value=\"Enviar\" \/><\/label>\n<\/p><div class=\"wpcf7-response-output\" aria-hidden=\"true\"><\/div>\n<input type=\"hidden\" name=\"trp-form-language\" value=\"es\"\/><\/form>\n<\/div>","protected":false},"excerpt":{"rendered":"","protected":false},"author":1,"featured_media":0,"parent":0,"menu_order":0,"comment_status":"closed","ping_status":"closed","template":"templates\/contact-layout1.php","meta":{"_acf_changed":false,"footnotes":""},"class_list":["post-1025","page","type-page","status-publish","hentry"],"acf":[],"yoast_head":"<!-- This site is optimized with the Yoast SEO plugin v27.2 - https:\/\/yoast.com\/product\/yoast-seo-wordpress\/ -->\n<title>Contacto - Trisavoli<\/title>\n<meta name=\"robots\" content=\"index, follow, max-snippet:-1, max-image-preview:large, max-video-preview:-1\" \/>\n<link rel=\"canonical\" href=\"https:\/\/trisavoli.com\/es\/contato\/\" \/>\n<meta property=\"og:locale\" content=\"es_ES\" \/>\n<meta property=\"og:type\" content=\"article\" \/>\n<meta property=\"og:title\" content=\"Contacto - Trisavoli\" \/>\n<meta property=\"og:url\" content=\"https:\/\/trisavoli.com\/es\/contato\/\" \/>\n<meta property=\"og:site_name\" content=\"Trisavoli\" \/>\n<meta property=\"article:modified_time\" content=\"2025-12-29T11:47:19+00:00\" \/>\n<meta name=\"twitter:card\" content=\"summary_large_image\" \/>\n<meta name=\"twitter:label1\" content=\"Tiempo de lectura\" \/>\n\t<meta name=\"twitter:data1\" content=\"1 minuto\" \/>\n<script type=\"application\/ld+json\" class=\"yoast-schema-graph\">{\"@context\":\"https:\/\/schema.org\",\"@graph\":[{\"@type\":\"WebPage\",\"@id\":\"https:\/\/trisavoli.com\/contato\/\",\"url\":\"https:\/\/trisavoli.com\/contato\/\",\"name\":\"Contacto - Trisavoli\",\"isPartOf\":{\"@id\":\"https:\/\/trisavoli.com\/#website\"},\"datePublished\":\"2024-08-19T17:24:39+00:00\",\"dateModified\":\"2025-12-29T11:47:19+00:00\",\"breadcrumb\":{\"@id\":\"https:\/\/trisavoli.com\/contato\/#breadcrumb\"},\"inLanguage\":\"es\",\"potentialAction\":[{\"@type\":\"ReadAction\",\"target\":[\"https:\/\/trisavoli.com\/contato\/\"]}]},{\"@type\":\"BreadcrumbList\",\"@id\":\"https:\/\/trisavoli.com\/contato\/#breadcrumb\",\"itemListElement\":[{\"@type\":\"ListItem\",\"position\":1,\"name\":\"In\u00edcio\",\"item\":\"https:\/\/trisavoli.com\/\"},{\"@type\":\"ListItem\",\"position\":2,\"name\":\"Contacto\"}]},{\"@type\":\"WebSite\",\"@id\":\"https:\/\/trisavoli.com\/#website\",\"url\":\"https:\/\/trisavoli.com\/\",\"name\":\"Trisavoli\",\"description\":\"\",\"publisher\":{\"@id\":\"https:\/\/trisavoli.com\/#organization\"},\"potentialAction\":[{\"@type\":\"SearchAction\",\"target\":{\"@type\":\"EntryPoint\",\"urlTemplate\":\"https:\/\/trisavoli.com\/?s={search_term_string}\"},\"query-input\":{\"@type\":\"PropertyValueSpecification\",\"valueRequired\":true,\"valueName\":\"search_term_string\"}}],\"inLanguage\":\"es\"},{\"@type\":\"Organization\",\"@id\":\"https:\/\/trisavoli.com\/#organization\",\"name\":\"Trisavoli\",\"url\":\"https:\/\/trisavoli.com\/\",\"logo\":{\"@type\":\"ImageObject\",\"inLanguage\":\"es\",\"@id\":\"https:\/\/trisavoli.com\/#\/schema\/logo\/image\/\",\"url\":\"https:\/\/trisavoli.com\/wp-content\/uploads\/2023\/10\/Logotipo-final-VERMELHO.png\",\"contentUrl\":\"https:\/\/trisavoli.com\/wp-content\/uploads\/2023\/10\/Logotipo-final-VERMELHO.png\",\"width\":1356,\"height\":447,\"caption\":\"Trisavoli\"},\"image\":{\"@id\":\"https:\/\/trisavoli.com\/#\/schema\/logo\/image\/\"}}]}<\/script>\n<!-- \/ Yoast SEO plugin. -->","yoast_head_json":{"title":"Contacto - Trisavoli","robots":{"index":"index","follow":"follow","max-snippet":"max-snippet:-1","max-image-preview":"max-image-preview:large","max-video-preview":"max-video-preview:-1"},"canonical":"https:\/\/trisavoli.com\/es\/contato\/","og_locale":"es_ES","og_type":"article","og_title":"Contacto - Trisavoli","og_url":"https:\/\/trisavoli.com\/es\/contato\/","og_site_name":"Trisavoli","article_modified_time":"2025-12-29T11:47:19+00:00","twitter_card":"summary_large_image","twitter_misc":{"Tiempo de lectura":"1 minuto"},"schema":{"@context":"https:\/\/schema.org","@graph":[{"@type":"WebPage","@id":"https:\/\/trisavoli.com\/contato\/","url":"https:\/\/trisavoli.com\/contato\/","name":"Contacto - Trisavoli","isPartOf":{"@id":"https:\/\/trisavoli.com\/#website"},"datePublished":"2024-08-19T17:24:39+00:00","dateModified":"2025-12-29T11:47:19+00:00","breadcrumb":{"@id":"https:\/\/trisavoli.com\/contato\/#breadcrumb"},"inLanguage":"es","potentialAction":[{"@type":"ReadAction","target":["https:\/\/trisavoli.com\/contato\/"]}]},{"@type":"BreadcrumbList","@id":"https:\/\/trisavoli.com\/contato\/#breadcrumb","itemListElement":[{"@type":"ListItem","position":1,"name":"In\u00edcio","item":"https:\/\/trisavoli.com\/"},{"@type":"ListItem","position":2,"name":"Contacto"}]},{"@type":"WebSite","@id":"https:\/\/trisavoli.com\/#website","url":"https:\/\/trisavoli.com\/","name":"Trisavoli","description":"","publisher":{"@id":"https:\/\/trisavoli.com\/#organization"},"potentialAction":[{"@type":"SearchAction","target":{"@type":"EntryPoint","urlTemplate":"https:\/\/trisavoli.com\/?s={search_term_string}"},"query-input":{"@type":"PropertyValueSpecification","valueRequired":true,"valueName":"search_term_string"}}],"inLanguage":"es"},{"@type":"Organization","@id":"https:\/\/trisavoli.com\/#organization","name":"Trisavoli","url":"https:\/\/trisavoli.com\/","logo":{"@type":"ImageObject","inLanguage":"es","@id":"https:\/\/trisavoli.com\/#\/schema\/logo\/image\/","url":"https:\/\/trisavoli.com\/wp-content\/uploads\/2023\/10\/Logotipo-final-VERMELHO.png","contentUrl":"https:\/\/trisavoli.com\/wp-content\/uploads\/2023\/10\/Logotipo-final-VERMELHO.png","width":1356,"height":447,"caption":"Trisavoli"},"image":{"@id":"https:\/\/trisavoli.com\/#\/schema\/logo\/image\/"}}]}},"_links":{"self":[{"href":"https:\/\/trisavoli.com\/es\/wp-json\/wp\/v2\/pages\/1025","targetHints":{"allow":["GET"]}}],"collection":[{"href":"https:\/\/trisavoli.com\/es\/wp-json\/wp\/v2\/pages"}],"about":[{"href":"https:\/\/trisavoli.com\/es\/wp-json\/wp\/v2\/types\/page"}],"author":[{"embeddable":true,"href":"https:\/\/trisavoli.com\/es\/wp-json\/wp\/v2\/users\/1"}],"replies":[{"embeddable":true,"href":"https:\/\/trisavoli.com\/es\/wp-json\/wp\/v2\/comments?post=1025"}],"version-history":[{"count":3,"href":"https:\/\/trisavoli.com\/es\/wp-json\/wp\/v2\/pages\/1025\/revisions"}],"predecessor-version":[{"id":1636,"href":"https:\/\/trisavoli.com\/es\/wp-json\/wp\/v2\/pages\/1025\/revisions\/1636"}],"wp:attachment":[{"href":"https:\/\/trisavoli.com\/es\/wp-json\/wp\/v2\/media?parent=1025"}],"curies":[{"name":"wp","href":"https:\/\/api.w.org\/{rel}","templated":true}]}}