{"id":470,"date":"2023-10-18T22:04:02","date_gmt":"2023-10-18T22:04:02","guid":{"rendered":"https:\/\/trisavoli.com\/?page_id=470"},"modified":"2024-08-19T17:01:12","modified_gmt":"2024-08-19T17:01:12","slug":"pesquisa-genealogica","status":"publish","type":"page","link":"https:\/\/trisavoli.com\/es\/pesquisa-genealogica\/","title":{"rendered":"Investigaci\u00f3n geneal\u00f3gica"},"content":{"rendered":"<div data-elementor-type=\"wp-page\" data-elementor-id=\"470\" class=\"elementor elementor-470\">\n\t\t\t\t<div class=\"elementor-element elementor-element-6335edd e-flex e-con-boxed e-con e-parent\" data-id=\"6335edd\" data-element_type=\"container\">\n\t\t\t\t\t<div class=\"e-con-inner\">\n\t\t\t\t<div class=\"elementor-element elementor-element-6fc42d5 elementor-widget elementor-widget-text-editor\" data-id=\"6fc42d5\" data-element_type=\"widget\" data-widget_type=\"text-editor.default\">\n\t\t\t\t<div class=\"elementor-widget-container\">\n\t\t\t\t\t\t\t\t\t<p>La investigaci\u00f3n geneal\u00f3gica es una herramienta poderosa que permite rescatar la historia de tu familia y, al mismo tiempo, puede ser fundamental para procesos de reconocimiento de nacionalidad.<\/p><p>Nuestra experiencia en genealog\u00eda te ofrece la oportunidad de descubrir tus ra\u00edces, documentar tu \u00e1rbol geneal\u00f3gico y encontrar los registros necesarios para obtener la ciudadan\u00eda de pa\u00edses europeos.<\/p><p><strong>Historia de la Familia<\/strong><\/p><p>Conocer la historia de tu familia es m\u00e1s que solo descubrir nombres y fechas; es un viaje en el tiempo que revela las trayectorias, logros y desaf\u00edos que enfrentaron tus antepasados.<\/p><p>A trav\u00e9s de una investigaci\u00f3n geneal\u00f3gica detallada, analizamos registros civiles, eclesi\u00e1sticos, censos y otros documentos hist\u00f3ricos para construir una narrativa completa y precisa de tu linaje.<\/p><p>Nuestro servicio incluye:<\/p><ul><li><strong>Construcci\u00f3n del \u00c1rbol Geneal\u00f3gico:<\/strong> Mapeo de las generaciones, desde los ancestros m\u00e1s lejanos hasta la actualidad.<\/li><li><strong>Documentaci\u00f3n de Eventos Familiares:<\/strong> Registros de nacimientos, matrimonios, defunciones y otros eventos significativos que marcan la trayectoria de tu familia.<\/li><li><strong>Historia Familiar Contextualizada:<\/strong> Integraci\u00f3n de los descubrimientos geneal\u00f3gicos con el contexto hist\u00f3rico de la \u00e9poca, proporcionando una comprensi\u00f3n m\u00e1s rica de la vida de tus antepasados.<\/li><\/ul><p><strong>Reconocimiento de la Nacionalidad<\/strong><\/p><p>Adem\u00e1s de conocer la historia de tu familia, la investigaci\u00f3n geneal\u00f3gica puede desempe\u00f1ar un papel crucial en el reconocimiento de la nacionalidad.<\/p><p>Para aquellos que tienen ascendencia europea, la documentaci\u00f3n precisa del linaje familiar es esencial para demostrar el derecho a la ciudadan\u00eda de pa\u00edses como Italia, Espa\u00f1a y Portugal.<\/p><p>Nuestro servicio de investigaci\u00f3n geneal\u00f3gica para fines de reconocimiento de nacionalidad incluye:<\/p><ul><li><strong>Localizaci\u00f3n de documentos:<\/strong> Identificaci\u00f3n de partidas de nacimiento, matrimonio y defunci\u00f3n que demuestran la descendencia necesaria para la ciudadan\u00eda.<\/li><li><strong>Verificaci\u00f3n de Requisitos Legales:<\/strong> Evaluaci\u00f3n de la documentaci\u00f3n seg\u00fan los requisitos legales de cada pa\u00eds, garantizando que todos los registros cumplan con los criterios establecidos por las autoridades consulares.<\/li><\/ul><p>\u00a0<\/p><p>\u00a0<\/p>\t\t\t\t\t\t\t\t<\/div>\n\t\t\t\t<\/div>\n\t\t\t\t\t<\/div>\n\t\t\t\t<\/div>\n\t\t\t\t<\/div>","protected":false},"excerpt":{"rendered":"<p>A pesquisa geneal\u00f3gica \u00e9 uma ferramenta poderosa que permite resgatar a hist\u00f3ria da sua fam\u00edlia e, ao mesmo tempo, pode ser fundamental para processos de reconhecimento de nacionalidade. Nossa expertise em genealogia oferece a voc\u00ea a oportunidade de descobrir suas ra\u00edzes, documentar sua \u00e1rvore geneal\u00f3gica e encontrar os registros necess\u00e1rios para a obten\u00e7\u00e3o da cidadania<br \/><a class=\"moretag\" href=\"https:\/\/trisavoli.com\/es\/pesquisa-genealogica\/\">+ Read More<\/a><\/p>","protected":false},"author":1,"featured_media":0,"parent":0,"menu_order":0,"comment_status":"closed","ping_status":"closed","template":"","meta":{"_acf_changed":false,"footnotes":""},"class_list":["post-470","page","type-page","status-publish","hentry"],"acf":[],"yoast_head":"<!-- This site is optimized with the Yoast SEO plugin v27.2 - https:\/\/yoast.com\/product\/yoast-seo-wordpress\/ -->\n<title>Pesquisa geneal\u00f3gica - Trisavoli<\/title>\n<meta name=\"robots\" content=\"index, follow, max-snippet:-1, max-image-preview:large, max-video-preview:-1\" \/>\n<link rel=\"canonical\" href=\"https:\/\/trisavoli.com\/es\/pesquisa-genealogica\/\" \/>\n<meta property=\"og:locale\" content=\"es_ES\" \/>\n<meta property=\"og:type\" content=\"article\" \/>\n<meta property=\"og:title\" content=\"Pesquisa geneal\u00f3gica - Trisavoli\" \/>\n<meta property=\"og:description\" content=\"A pesquisa geneal\u00f3gica \u00e9 uma ferramenta poderosa que permite resgatar a hist\u00f3ria da sua fam\u00edlia e, ao mesmo tempo, pode ser fundamental para processos de reconhecimento de nacionalidade. Nossa expertise em genealogia oferece a voc\u00ea a oportunidade de descobrir suas ra\u00edzes, documentar sua \u00e1rvore geneal\u00f3gica e encontrar os registros necess\u00e1rios para a obten\u00e7\u00e3o da cidadania+ Read More\" \/>\n<meta property=\"og:url\" content=\"https:\/\/trisavoli.com\/es\/pesquisa-genealogica\/\" \/>\n<meta property=\"og:site_name\" content=\"Trisavoli\" \/>\n<meta property=\"article:modified_time\" content=\"2024-08-19T17:01:12+00:00\" \/>\n<meta name=\"twitter:card\" content=\"summary_large_image\" \/>\n<meta name=\"twitter:label1\" content=\"Tiempo de lectura\" \/>\n\t<meta name=\"twitter:data1\" content=\"2 minutos\" \/>\n<script type=\"application\/ld+json\" class=\"yoast-schema-graph\">{\"@context\":\"https:\/\/schema.org\",\"@graph\":[{\"@type\":\"WebPage\",\"@id\":\"https:\/\/trisavoli.com\/pesquisa-genealogica\/\",\"url\":\"https:\/\/trisavoli.com\/pesquisa-genealogica\/\",\"name\":\"Pesquisa geneal\u00f3gica - Trisavoli\",\"isPartOf\":{\"@id\":\"https:\/\/trisavoli.com\/#website\"},\"datePublished\":\"2023-10-18T22:04:02+00:00\",\"dateModified\":\"2024-08-19T17:01:12+00:00\",\"breadcrumb\":{\"@id\":\"https:\/\/trisavoli.com\/pesquisa-genealogica\/#breadcrumb\"},\"inLanguage\":\"es\",\"potentialAction\":[{\"@type\":\"ReadAction\",\"target\":[\"https:\/\/trisavoli.com\/pesquisa-genealogica\/\"]}]},{\"@type\":\"BreadcrumbList\",\"@id\":\"https:\/\/trisavoli.com\/pesquisa-genealogica\/#breadcrumb\",\"itemListElement\":[{\"@type\":\"ListItem\",\"position\":1,\"name\":\"In\u00edcio\",\"item\":\"https:\/\/trisavoli.com\/\"},{\"@type\":\"ListItem\",\"position\":2,\"name\":\"Pesquisa geneal\u00f3gica\"}]},{\"@type\":\"WebSite\",\"@id\":\"https:\/\/trisavoli.com\/#website\",\"url\":\"https:\/\/trisavoli.com\/\",\"name\":\"Trisavoli\",\"description\":\"\",\"publisher\":{\"@id\":\"https:\/\/trisavoli.com\/#organization\"},\"potentialAction\":[{\"@type\":\"SearchAction\",\"target\":{\"@type\":\"EntryPoint\",\"urlTemplate\":\"https:\/\/trisavoli.com\/?s={search_term_string}\"},\"query-input\":{\"@type\":\"PropertyValueSpecification\",\"valueRequired\":true,\"valueName\":\"search_term_string\"}}],\"inLanguage\":\"es\"},{\"@type\":\"Organization\",\"@id\":\"https:\/\/trisavoli.com\/#organization\",\"name\":\"Trisavoli\",\"url\":\"https:\/\/trisavoli.com\/\",\"logo\":{\"@type\":\"ImageObject\",\"inLanguage\":\"es\",\"@id\":\"https:\/\/trisavoli.com\/#\/schema\/logo\/image\/\",\"url\":\"https:\/\/trisavoli.com\/wp-content\/uploads\/2023\/10\/Logotipo-final-VERMELHO.png\",\"contentUrl\":\"https:\/\/trisavoli.com\/wp-content\/uploads\/2023\/10\/Logotipo-final-VERMELHO.png\",\"width\":1356,\"height\":447,\"caption\":\"Trisavoli\"},\"image\":{\"@id\":\"https:\/\/trisavoli.com\/#\/schema\/logo\/image\/\"}}]}<\/script>\n<!-- \/ Yoast SEO plugin. -->","yoast_head_json":{"title":"Pesquisa geneal\u00f3gica - Trisavoli","robots":{"index":"index","follow":"follow","max-snippet":"max-snippet:-1","max-image-preview":"max-image-preview:large","max-video-preview":"max-video-preview:-1"},"canonical":"https:\/\/trisavoli.com\/es\/pesquisa-genealogica\/","og_locale":"es_ES","og_type":"article","og_title":"Pesquisa geneal\u00f3gica - Trisavoli","og_description":"A pesquisa geneal\u00f3gica \u00e9 uma ferramenta poderosa que permite resgatar a hist\u00f3ria da sua fam\u00edlia e, ao mesmo tempo, pode ser fundamental para processos de reconhecimento de nacionalidade. Nossa expertise em genealogia oferece a voc\u00ea a oportunidade de descobrir suas ra\u00edzes, documentar sua \u00e1rvore geneal\u00f3gica e encontrar os registros necess\u00e1rios para a obten\u00e7\u00e3o da cidadania+ Read More","og_url":"https:\/\/trisavoli.com\/es\/pesquisa-genealogica\/","og_site_name":"Trisavoli","article_modified_time":"2024-08-19T17:01:12+00:00","twitter_card":"summary_large_image","twitter_misc":{"Tiempo de lectura":"2 minutos"},"schema":{"@context":"https:\/\/schema.org","@graph":[{"@type":"WebPage","@id":"https:\/\/trisavoli.com\/pesquisa-genealogica\/","url":"https:\/\/trisavoli.com\/pesquisa-genealogica\/","name":"Pesquisa geneal\u00f3gica - Trisavoli","isPartOf":{"@id":"https:\/\/trisavoli.com\/#website"},"datePublished":"2023-10-18T22:04:02+00:00","dateModified":"2024-08-19T17:01:12+00:00","breadcrumb":{"@id":"https:\/\/trisavoli.com\/pesquisa-genealogica\/#breadcrumb"},"inLanguage":"es","potentialAction":[{"@type":"ReadAction","target":["https:\/\/trisavoli.com\/pesquisa-genealogica\/"]}]},{"@type":"BreadcrumbList","@id":"https:\/\/trisavoli.com\/pesquisa-genealogica\/#breadcrumb","itemListElement":[{"@type":"ListItem","position":1,"name":"In\u00edcio","item":"https:\/\/trisavoli.com\/"},{"@type":"ListItem","position":2,"name":"Pesquisa geneal\u00f3gica"}]},{"@type":"WebSite","@id":"https:\/\/trisavoli.com\/#website","url":"https:\/\/trisavoli.com\/","name":"Trisavoli","description":"","publisher":{"@id":"https:\/\/trisavoli.com\/#organization"},"potentialAction":[{"@type":"SearchAction","target":{"@type":"EntryPoint","urlTemplate":"https:\/\/trisavoli.com\/?s={search_term_string}"},"query-input":{"@type":"PropertyValueSpecification","valueRequired":true,"valueName":"search_term_string"}}],"inLanguage":"es"},{"@type":"Organization","@id":"https:\/\/trisavoli.com\/#organization","name":"Trisavoli","url":"https:\/\/trisavoli.com\/","logo":{"@type":"ImageObject","inLanguage":"es","@id":"https:\/\/trisavoli.com\/#\/schema\/logo\/image\/","url":"https:\/\/trisavoli.com\/wp-content\/uploads\/2023\/10\/Logotipo-final-VERMELHO.png","contentUrl":"https:\/\/trisavoli.com\/wp-content\/uploads\/2023\/10\/Logotipo-final-VERMELHO.png","width":1356,"height":447,"caption":"Trisavoli"},"image":{"@id":"https:\/\/trisavoli.com\/#\/schema\/logo\/image\/"}}]}},"_links":{"self":[{"href":"https:\/\/trisavoli.com\/es\/wp-json\/wp\/v2\/pages\/470","targetHints":{"allow":["GET"]}}],"collection":[{"href":"https:\/\/trisavoli.com\/es\/wp-json\/wp\/v2\/pages"}],"about":[{"href":"https:\/\/trisavoli.com\/es\/wp-json\/wp\/v2\/types\/page"}],"author":[{"embeddable":true,"href":"https:\/\/trisavoli.com\/es\/wp-json\/wp\/v2\/users\/1"}],"replies":[{"embeddable":true,"href":"https:\/\/trisavoli.com\/es\/wp-json\/wp\/v2\/comments?post=470"}],"version-history":[{"count":4,"href":"https:\/\/trisavoli.com\/es\/wp-json\/wp\/v2\/pages\/470\/revisions"}],"predecessor-version":[{"id":993,"href":"https:\/\/trisavoli.com\/es\/wp-json\/wp\/v2\/pages\/470\/revisions\/993"}],"wp:attachment":[{"href":"https:\/\/trisavoli.com\/es\/wp-json\/wp\/v2\/media?parent=470"}],"curies":[{"name":"wp","href":"https:\/\/api.w.org\/{rel}","templated":true}]}}