{"id":567,"date":"2023-10-19T14:24:48","date_gmt":"2023-10-19T14:24:48","guid":{"rendered":"https:\/\/trisavoli.com\/?page_id=567"},"modified":"2025-12-16T17:39:26","modified_gmt":"2025-12-16T17:39:26","slug":"servicos","status":"publish","type":"page","link":"https:\/\/trisavoli.com\/es\/servicos\/","title":{"rendered":"Servicios"},"content":{"rendered":"<div data-elementor-type=\"wp-page\" data-elementor-id=\"567\" class=\"elementor elementor-567\">\n\t\t\t\t<div class=\"elementor-element elementor-element-4e3c90f e-flex e-con-boxed e-con e-parent\" data-id=\"4e3c90f\" data-element_type=\"container\" data-settings=\"{&quot;background_background&quot;:&quot;classic&quot;}\">\n\t\t\t\t\t<div class=\"e-con-inner\">\n\t\t\t\t\t<\/div>\n\t\t\t\t<\/div>\n\t\t<div class=\"elementor-element elementor-element-d0b2dbf e-flex e-con-boxed e-con e-parent\" data-id=\"d0b2dbf\" data-element_type=\"container\">\n\t\t\t\t\t<div class=\"e-con-inner\">\n\t\t\t\t<div class=\"elementor-element elementor-element-5cd2fd7 elementor-widget elementor-widget-heading\" data-id=\"5cd2fd7\" data-element_type=\"widget\" data-widget_type=\"heading.default\">\n\t\t\t\t<div class=\"elementor-widget-container\">\n\t\t\t\t\t<h1 class=\"elementor-heading-title elementor-size-default\">Servi\u00e7os de genealogia<\/h1>\t\t\t\t<\/div>\n\t\t\t\t<\/div>\n\t\t\t\t\t<\/div>\n\t\t\t\t<\/div>\n\t\t<div class=\"elementor-element elementor-element-cd4eff5 e-flex e-con-boxed e-con e-parent\" data-id=\"cd4eff5\" data-element_type=\"container\">\n\t\t\t\t\t<div class=\"e-con-inner\">\n\t\t\t\t<div class=\"elementor-element elementor-element-2813e37 elementor-widget elementor-widget-text-editor\" data-id=\"2813e37\" data-element_type=\"widget\" data-widget_type=\"text-editor.default\">\n\t\t\t\t<div class=\"elementor-widget-container\">\n\t\t\t\t\t\t\t\t\t<h2>Pesquisa de documentos&nbsp;<br><\/h2>\n<p><br>\u25b8Documentos espec\u00edficos de antepassados<br>\u25b8Documentos para nacionalidade europeia<br>\u25b8Pesquisas em Portugal, Espanha, It\u00e1lia e Brasil<\/p>\n<p>Prazo estimado: indeterminado<\/p>\n<h2>Investiga\u00e7\u00e3o geneal\u00f3gica<\/h2>\n<h3><br>\u25b8Plano origem &#8211; 5 gera\u00e7\u00f5es<\/h3>\n<p>&nbsp; &nbsp; [Prazo estimado: 2 a 5 meses]<br>&nbsp; &nbsp; Pesquisa at\u00e9 a quinta gera\u00e7\u00e3o do requerente, ou seja, at\u00e9 os trisav\u00f3s, contemplando um total de 31 antepassados.<br>&nbsp; &nbsp;\u25b8 Inclui relat\u00f3rio, \u00e1rvore geneal\u00f3gica digital e c\u00f3pias digitais dos documentos.<\/p>\n<h3>\u25b8Plano jornada &#8211; 7 gera\u00e7\u00f5es<\/h3>\n<p>&nbsp; &nbsp; [Prazo estimado: 3 a 8 meses]<br>&nbsp; &nbsp; Pesquisa at\u00e9 a s\u00e9tima gera\u00e7\u00e3o do requerente, ou seja, at\u00e9 os pentav\u00f3s, contemplando um total de 127 antepassados.<br>&nbsp; &nbsp;\u25b8 Inclui relat\u00f3rio, \u00e1rvore geneal\u00f3gica digital e c\u00f3pias digitais dos documentos.<\/p>\n<h3>\u25b8Plano premium &#8211; 250 antepassados<\/h3>\n<p>&nbsp; &nbsp; [Prazo estimado: 6 a 12 meses]<br>&nbsp; &nbsp; Pesquisa que inclui um total de 250 antepassados.<br>&nbsp; &nbsp;\u25b8 Inclui relat\u00f3rio, \u00e1rvore geneal\u00f3gica digital e c\u00f3pias digitais dos documentos.<\/p>\n<p>\u27a4 Livros de fam\u00edlia digital e impresso: sob consulta.<\/p>\t\t\t\t\t\t\t\t<\/div>\n\t\t\t\t<\/div>\n\t\t\t\t\t<\/div>\n\t\t\t\t<\/div>\n\t\t<div class=\"elementor-element elementor-element-5bd621a e-flex e-con-boxed e-con e-parent\" data-id=\"5bd621a\" data-element_type=\"container\">\n\t\t\t\t\t<div class=\"e-con-inner\">\n\t\t\t\t<div class=\"elementor-element elementor-element-85a0f83 elementor-widget elementor-widget-heading\" data-id=\"85a0f83\" data-element_type=\"widget\" data-widget_type=\"heading.default\">\n\t\t\t\t<div class=\"elementor-widget-container\">\n\t\t\t\t\t<h1 class=\"elementor-heading-title elementor-size-default\">Consultor\u00eda<\/h1>\t\t\t\t<\/div>\n\t\t\t\t<\/div>\n\t\t\t\t\t<\/div>\n\t\t\t\t<\/div>\n\t\t<div class=\"elementor-element elementor-element-3d04cd1 e-flex e-con-boxed e-con e-parent\" data-id=\"3d04cd1\" data-element_type=\"container\">\n\t\t\t\t\t<div class=\"e-con-inner\">\n\t\t\t\t<div class=\"elementor-element elementor-element-c1a9f4f elementor-widget elementor-widget-text-editor\" data-id=\"c1a9f4f\" data-element_type=\"widget\" data-widget_type=\"text-editor.default\">\n\t\t\t\t<div class=\"elementor-widget-container\">\n\t\t\t\t\t\t\t\t\t<p>\u25b8Assessoramento personalizado por videoconfer\u00eancia, onde resolverei suas perguntas e d\u00favidas geneal\u00f3gicas.<br \/>\u25b8Sess\u00e3o de 1 hora: 50\u20ac.<br \/>\u25b8Pacote com 3 sess\u00f5es de 1h, cada: 130\u20ac.<br \/>\u25b8Cada sess\u00e3o deve ser agendada em um prazo de at\u00e9 6 meses.<\/p>\t\t\t\t\t\t\t\t<\/div>\n\t\t\t\t<\/div>\n\t\t\t\t\t<\/div>\n\t\t\t\t<\/div>\n\t\t<div class=\"elementor-element elementor-element-20dde48 e-flex e-con-boxed e-con e-parent\" data-id=\"20dde48\" data-element_type=\"container\">\n\t\t\t\t\t<div class=\"e-con-inner\">\n\t\t\t\t<div class=\"elementor-element elementor-element-3e1a8fc elementor-widget elementor-widget-heading\" data-id=\"3e1a8fc\" data-element_type=\"widget\" data-widget_type=\"heading.default\">\n\t\t\t\t<div class=\"elementor-widget-container\">\n\t\t\t\t\t<h1 class=\"elementor-heading-title elementor-size-default\">Transcripci\u00f3n paleogr\u00e1fica<\/h1>\t\t\t\t<\/div>\n\t\t\t\t<\/div>\n\t\t\t\t\t<\/div>\n\t\t\t\t<\/div>\n\t\t<div class=\"elementor-element elementor-element-ba8363a e-flex e-con-boxed e-con e-parent\" data-id=\"ba8363a\" data-element_type=\"container\">\n\t\t\t\t\t<div class=\"e-con-inner\">\n\t\t\t\t<div class=\"elementor-element elementor-element-c13816a elementor-widget elementor-widget-text-editor\" data-id=\"c13816a\" data-element_type=\"widget\" data-widget_type=\"text-editor.default\">\n\t\t\t\t<div class=\"elementor-widget-container\">\n\t\t\t\t\t\t\t\t\t<p>\u25b8Sob consulta.<\/p>\t\t\t\t\t\t\t\t<\/div>\n\t\t\t\t<\/div>\n\t\t\t\t\t<\/div>\n\t\t\t\t<\/div>\n\t\t\t\t<\/div>","protected":false},"excerpt":{"rendered":"<p>Servi\u00e7os de genealogia Pesquisa de documentos&nbsp; \u25b8Documentos espec\u00edficos de antepassados\u25b8Documentos para nacionalidade europeia\u25b8Pesquisas em Portugal, Espanha, It\u00e1lia e Brasil Prazo estimado: indeterminado Investiga\u00e7\u00e3o geneal\u00f3gica \u25b8Plano origem &#8211; 5 gera\u00e7\u00f5es &nbsp; &nbsp; [Prazo estimado: 2 a 5 meses]&nbsp; &nbsp; Pesquisa at\u00e9 a quinta gera\u00e7\u00e3o do requerente, ou seja, at\u00e9 os trisav\u00f3s, contemplando um total de 31<br \/><a class=\"moretag\" href=\"https:\/\/trisavoli.com\/es\/servicos\/\">+ Read More<\/a><\/p>","protected":false},"author":1,"featured_media":0,"parent":0,"menu_order":0,"comment_status":"closed","ping_status":"closed","template":"elementor_header_footer","meta":{"_acf_changed":false,"footnotes":""},"class_list":["post-567","page","type-page","status-publish","hentry"],"acf":[],"yoast_head":"<!-- This site is optimized with the Yoast SEO plugin v27.2 - https:\/\/yoast.com\/product\/yoast-seo-wordpress\/ -->\n<title>Servi\u00e7os - Trisavoli<\/title>\n<meta name=\"description\" content=\"Servi\u00e7os de genealogia, pesquisa de documentos para cidadania europeia (italiana, espanhola e portuguesa) e elabora\u00e7\u00e3o de \u00e1rvore geneal\u00f3gica\" \/>\n<meta name=\"robots\" content=\"index, follow, max-snippet:-1, max-image-preview:large, max-video-preview:-1\" \/>\n<link rel=\"canonical\" href=\"https:\/\/trisavoli.com\/es\/servicos\/\" \/>\n<meta property=\"og:locale\" content=\"es_ES\" \/>\n<meta property=\"og:type\" content=\"article\" \/>\n<meta property=\"og:title\" content=\"Servi\u00e7os - Trisavoli\" \/>\n<meta property=\"og:description\" content=\"Servi\u00e7os de genealogia, pesquisa de documentos para cidadania europeia (italiana, espanhola e portuguesa) e elabora\u00e7\u00e3o de \u00e1rvore geneal\u00f3gica\" \/>\n<meta property=\"og:url\" content=\"https:\/\/trisavoli.com\/es\/servicos\/\" \/>\n<meta property=\"og:site_name\" content=\"Trisavoli\" \/>\n<meta property=\"article:modified_time\" content=\"2025-12-16T17:39:26+00:00\" \/>\n<meta name=\"twitter:card\" content=\"summary_large_image\" \/>\n<meta name=\"twitter:label1\" content=\"Tiempo de lectura\" \/>\n\t<meta name=\"twitter:data1\" content=\"2 minutos\" \/>\n<script type=\"application\/ld+json\" class=\"yoast-schema-graph\">{\"@context\":\"https:\/\/schema.org\",\"@graph\":[{\"@type\":\"WebPage\",\"@id\":\"https:\/\/trisavoli.com\/servicos\/\",\"url\":\"https:\/\/trisavoli.com\/servicos\/\",\"name\":\"Servi\u00e7os - Trisavoli\",\"isPartOf\":{\"@id\":\"https:\/\/trisavoli.com\/#website\"},\"datePublished\":\"2023-10-19T14:24:48+00:00\",\"dateModified\":\"2025-12-16T17:39:26+00:00\",\"description\":\"Servi\u00e7os de genealogia, pesquisa de documentos para cidadania europeia (italiana, espanhola e portuguesa) e elabora\u00e7\u00e3o de \u00e1rvore geneal\u00f3gica\",\"breadcrumb\":{\"@id\":\"https:\/\/trisavoli.com\/servicos\/#breadcrumb\"},\"inLanguage\":\"es\",\"potentialAction\":[{\"@type\":\"ReadAction\",\"target\":[\"https:\/\/trisavoli.com\/servicos\/\"]}]},{\"@type\":\"BreadcrumbList\",\"@id\":\"https:\/\/trisavoli.com\/servicos\/#breadcrumb\",\"itemListElement\":[{\"@type\":\"ListItem\",\"position\":1,\"name\":\"In\u00edcio\",\"item\":\"https:\/\/trisavoli.com\/\"},{\"@type\":\"ListItem\",\"position\":2,\"name\":\"Servi\u00e7os\"}]},{\"@type\":\"WebSite\",\"@id\":\"https:\/\/trisavoli.com\/#website\",\"url\":\"https:\/\/trisavoli.com\/\",\"name\":\"Trisavoli\",\"description\":\"\",\"publisher\":{\"@id\":\"https:\/\/trisavoli.com\/#organization\"},\"potentialAction\":[{\"@type\":\"SearchAction\",\"target\":{\"@type\":\"EntryPoint\",\"urlTemplate\":\"https:\/\/trisavoli.com\/?s={search_term_string}\"},\"query-input\":{\"@type\":\"PropertyValueSpecification\",\"valueRequired\":true,\"valueName\":\"search_term_string\"}}],\"inLanguage\":\"es\"},{\"@type\":\"Organization\",\"@id\":\"https:\/\/trisavoli.com\/#organization\",\"name\":\"Trisavoli\",\"url\":\"https:\/\/trisavoli.com\/\",\"logo\":{\"@type\":\"ImageObject\",\"inLanguage\":\"es\",\"@id\":\"https:\/\/trisavoli.com\/#\/schema\/logo\/image\/\",\"url\":\"https:\/\/trisavoli.com\/wp-content\/uploads\/2023\/10\/Logotipo-final-VERMELHO.png\",\"contentUrl\":\"https:\/\/trisavoli.com\/wp-content\/uploads\/2023\/10\/Logotipo-final-VERMELHO.png\",\"width\":1356,\"height\":447,\"caption\":\"Trisavoli\"},\"image\":{\"@id\":\"https:\/\/trisavoli.com\/#\/schema\/logo\/image\/\"}}]}<\/script>\n<!-- \/ Yoast SEO plugin. -->","yoast_head_json":{"title":"Servi\u00e7os - Trisavoli","description":"Servi\u00e7os de genealogia, pesquisa de documentos para cidadania europeia (italiana, espanhola e portuguesa) e elabora\u00e7\u00e3o de \u00e1rvore geneal\u00f3gica","robots":{"index":"index","follow":"follow","max-snippet":"max-snippet:-1","max-image-preview":"max-image-preview:large","max-video-preview":"max-video-preview:-1"},"canonical":"https:\/\/trisavoli.com\/es\/servicos\/","og_locale":"es_ES","og_type":"article","og_title":"Servi\u00e7os - Trisavoli","og_description":"Servi\u00e7os de genealogia, pesquisa de documentos para cidadania europeia (italiana, espanhola e portuguesa) e elabora\u00e7\u00e3o de \u00e1rvore geneal\u00f3gica","og_url":"https:\/\/trisavoli.com\/es\/servicos\/","og_site_name":"Trisavoli","article_modified_time":"2025-12-16T17:39:26+00:00","twitter_card":"summary_large_image","twitter_misc":{"Tiempo de lectura":"2 minutos"},"schema":{"@context":"https:\/\/schema.org","@graph":[{"@type":"WebPage","@id":"https:\/\/trisavoli.com\/servicos\/","url":"https:\/\/trisavoli.com\/servicos\/","name":"Servi\u00e7os - Trisavoli","isPartOf":{"@id":"https:\/\/trisavoli.com\/#website"},"datePublished":"2023-10-19T14:24:48+00:00","dateModified":"2025-12-16T17:39:26+00:00","description":"Servi\u00e7os de genealogia, pesquisa de documentos para cidadania europeia (italiana, espanhola e portuguesa) e elabora\u00e7\u00e3o de \u00e1rvore geneal\u00f3gica","breadcrumb":{"@id":"https:\/\/trisavoli.com\/servicos\/#breadcrumb"},"inLanguage":"es","potentialAction":[{"@type":"ReadAction","target":["https:\/\/trisavoli.com\/servicos\/"]}]},{"@type":"BreadcrumbList","@id":"https:\/\/trisavoli.com\/servicos\/#breadcrumb","itemListElement":[{"@type":"ListItem","position":1,"name":"In\u00edcio","item":"https:\/\/trisavoli.com\/"},{"@type":"ListItem","position":2,"name":"Servi\u00e7os"}]},{"@type":"WebSite","@id":"https:\/\/trisavoli.com\/#website","url":"https:\/\/trisavoli.com\/","name":"Trisavoli","description":"","publisher":{"@id":"https:\/\/trisavoli.com\/#organization"},"potentialAction":[{"@type":"SearchAction","target":{"@type":"EntryPoint","urlTemplate":"https:\/\/trisavoli.com\/?s={search_term_string}"},"query-input":{"@type":"PropertyValueSpecification","valueRequired":true,"valueName":"search_term_string"}}],"inLanguage":"es"},{"@type":"Organization","@id":"https:\/\/trisavoli.com\/#organization","name":"Trisavoli","url":"https:\/\/trisavoli.com\/","logo":{"@type":"ImageObject","inLanguage":"es","@id":"https:\/\/trisavoli.com\/#\/schema\/logo\/image\/","url":"https:\/\/trisavoli.com\/wp-content\/uploads\/2023\/10\/Logotipo-final-VERMELHO.png","contentUrl":"https:\/\/trisavoli.com\/wp-content\/uploads\/2023\/10\/Logotipo-final-VERMELHO.png","width":1356,"height":447,"caption":"Trisavoli"},"image":{"@id":"https:\/\/trisavoli.com\/#\/schema\/logo\/image\/"}}]}},"_links":{"self":[{"href":"https:\/\/trisavoli.com\/es\/wp-json\/wp\/v2\/pages\/567","targetHints":{"allow":["GET"]}}],"collection":[{"href":"https:\/\/trisavoli.com\/es\/wp-json\/wp\/v2\/pages"}],"about":[{"href":"https:\/\/trisavoli.com\/es\/wp-json\/wp\/v2\/types\/page"}],"author":[{"embeddable":true,"href":"https:\/\/trisavoli.com\/es\/wp-json\/wp\/v2\/users\/1"}],"replies":[{"embeddable":true,"href":"https:\/\/trisavoli.com\/es\/wp-json\/wp\/v2\/comments?post=567"}],"version-history":[{"count":118,"href":"https:\/\/trisavoli.com\/es\/wp-json\/wp\/v2\/pages\/567\/revisions"}],"predecessor-version":[{"id":1633,"href":"https:\/\/trisavoli.com\/es\/wp-json\/wp\/v2\/pages\/567\/revisions\/1633"}],"wp:attachment":[{"href":"https:\/\/trisavoli.com\/es\/wp-json\/wp\/v2\/media?parent=567"}],"curies":[{"name":"wp","href":"https:\/\/api.w.org\/{rel}","templated":true}]}}