{"id":931,"date":"2024-08-19T11:12:41","date_gmt":"2024-08-19T11:12:41","guid":{"rendered":"https:\/\/trisavoli.com\/?page_id=931"},"modified":"2025-04-29T16:17:38","modified_gmt":"2025-04-29T16:17:38","slug":"nacionalidade-europeia","status":"publish","type":"page","link":"https:\/\/trisavoli.com\/es\/servicos\/nacionalidade-europeia\/","title":{"rendered":"Nacionalidad europea"},"content":{"rendered":"<div data-elementor-type=\"wp-page\" data-elementor-id=\"931\" class=\"elementor elementor-931\">\n\t\t\t\t<div class=\"elementor-element elementor-element-4e3c90f e-flex e-con-boxed e-con e-parent\" data-id=\"4e3c90f\" data-element_type=\"container\" data-settings=\"{&quot;background_background&quot;:&quot;classic&quot;}\">\n\t\t\t\t\t<div class=\"e-con-inner\">\n\t\t\t\t\t<\/div>\n\t\t\t\t<\/div>\n\t\t<div class=\"elementor-element elementor-element-d0b2dbf elementor-hidden-mobile e-flex e-con-boxed e-con e-parent\" data-id=\"d0b2dbf\" data-element_type=\"container\">\n\t\t\t\t\t<div class=\"e-con-inner\">\n\t\t\t\t<div class=\"elementor-element elementor-element-5cd2fd7 elementor-widget elementor-widget-heading\" data-id=\"5cd2fd7\" data-element_type=\"widget\" data-widget_type=\"heading.default\">\n\t\t\t\t<div class=\"elementor-widget-container\">\n\t\t\t\t\t<h1 class=\"elementor-heading-title elementor-size-default\">Nacionalidad europea<\/h1>\t\t\t\t<\/div>\n\t\t\t\t<\/div>\n\t\t\t\t\t<\/div>\n\t\t\t\t<\/div>\n\t\t<div class=\"elementor-element elementor-element-cd4eff5 elementor-hidden-mobile e-flex e-con-boxed e-con e-parent\" data-id=\"cd4eff5\" data-element_type=\"container\">\n\t\t\t\t\t<div class=\"e-con-inner\">\n\t\t\t\t<div class=\"elementor-element elementor-element-2813e37 elementor-widget elementor-widget-text-editor\" data-id=\"2813e37\" data-element_type=\"widget\" data-widget_type=\"text-editor.default\">\n\t\t\t\t<div class=\"elementor-widget-container\">\n\t\t\t\t\t\t\t\t\t<p>Se voc\u00ea tem ascend\u00eancia italiana, espanhola ou portuguesa, \u00e9 poss\u00edvel que tenha direito \u00e0 cidadania europeia. Oferecemos servi\u00e7os especializados em pesquisa documental para auxiliar no processo de reconhecimento da sua nacionalidade. Saiba mais sobre cada tipo de cidadania:<\/p><p><b style=\"font-family: var( --e-global-typography-text-font-family ), Sans-serif; text-align: var(--text-align);\">Ciudadan\u00eda Italiana<\/b><\/p><p>\u00a0 \u00a0 \u00a0<strong>\u2022 Pesquisa de documentos:<\/strong> Buscamos certid\u00f5es de nascimento, casamento e \u00f3bito nos registros civis e eclesi\u00e1sticos, fundamentais para comprovar sua ascend\u00eancia.<br \/><strong>\u00a0 \u00a0 \u00a0\u2022 An\u00e1lise documental:<\/strong> Verificamos cuidadosamente os documentos coletados, garantindo que atendam aos requisitos exigidos pelas autoridades italianas.<br \/><strong>\u00a0 \u00a0 \u00a0\u2022 Orienta\u00e7\u00e3o personalizada:<\/strong> Ap\u00f3s a etapa de pesquisa, fornecemos orienta\u00e7\u00f5es claras sobre como prosseguir com o processo junto ao consulado ou aos \u00f3rg\u00e3os respons\u00e1veis.<\/p><p><b style=\"font-family: var( --e-global-typography-text-font-family ), Sans-serif; text-align: var(--text-align);\">Nacionalidad Espa\u00f1ola<\/b><\/p><p>\u00a0 <strong>\u00a0 \u00a0\u2022 Investiga\u00e7\u00e3o geneal\u00f3gica:<\/strong> Pesquisamos registros hist\u00f3ricos, como batismos e casamentos, para identificar e comprovar sua linhagem espanhola.<br \/>\u00a0 <strong>\u00a0 \u00a0\u2022 Consultoria especializada:<\/strong> Orientamos sobre os crit\u00e9rios exigidos, etapas do processo e estrat\u00e9gias adequadas com base nos documentos dispon\u00edveis.<\/p><p><b style=\"font-family: var( --e-global-typography-text-font-family ), Sans-serif; text-align: var(--text-align);\">Nacionalidad portuguesa<\/b><\/p><p><strong>\u00a0 \u00a0 \u00a0\u2022 Pesquisa de registros portugueses:<\/strong> Localizamos certid\u00f5es e demais documentos oficiais em Portugal, essenciais para o processo de reconhecimento da nacionalidade.<br \/><strong>\u00a0 \u00a0 \u00a0\u2022 An\u00e1lise documental:<\/strong> Avaliamos cuidadosamente os registros coletados para verificar se cumprem os requisitos exigidos pelas autoridades portuguesas, orientando sobre poss\u00edveis corre\u00e7\u00f5es ou complementa\u00e7\u00f5es necess\u00e1rias.<\/p><p><br \/>Para receber mais informa\u00e7\u00f5es sobre como contratar os nossos servi\u00e7os <strong><a href=\"https:\/\/trisavoli.com\/es\/contato\/\">clique aqui<\/a><\/strong>.<\/p>\t\t\t\t\t\t\t\t<\/div>\n\t\t\t\t<\/div>\n\t\t\t\t\t<\/div>\n\t\t\t\t<\/div>\n\t\t<div class=\"elementor-element elementor-element-8f915cc e-flex e-con-boxed e-con e-parent\" data-id=\"8f915cc\" data-element_type=\"container\">\n\t\t\t\t\t<div class=\"e-con-inner\">\n\t\t\t\t<div class=\"elementor-element elementor-element-779b15f elementor-hidden-desktop elementor-hidden-tablet elementor-widget elementor-widget-heading\" data-id=\"779b15f\" data-element_type=\"widget\" data-widget_type=\"heading.default\">\n\t\t\t\t<div class=\"elementor-widget-container\">\n\t\t\t\t\t<h1 class=\"elementor-heading-title elementor-size-default\"><h1 data-elementor-setting-key=\"title\" data-pen-placeholder=\"Digite aqui...\" style=\"font-family: var( --e-global-typography-primary-font-family ), Sans-serif;font-weight: var( --e-global-typography-primary-font-weight )\">Nacionalidade europeia\u200b<\/h1><\/h1>\t\t\t\t<\/div>\n\t\t\t\t<\/div>\n\t\t\t\t\t<\/div>\n\t\t\t\t<\/div>\n\t\t<div class=\"elementor-element elementor-element-82b6b98 e-flex e-con-boxed e-con e-parent\" data-id=\"82b6b98\" data-element_type=\"container\">\n\t\t\t\t\t<div class=\"e-con-inner\">\n\t\t\t\t<div class=\"elementor-element elementor-element-061e576 elementor-hidden-desktop elementor-hidden-tablet elementor-widget elementor-widget-text-editor\" data-id=\"061e576\" data-element_type=\"widget\" data-widget_type=\"text-editor.default\">\n\t\t\t\t<div class=\"elementor-widget-container\">\n\t\t\t\t\t\t\t\t\t<p>Se voc\u00ea tem ascend\u00eancia italiana, espanhola ou portuguesa, \u00e9 poss\u00edvel que tenha direito \u00e0 cidadania europeia. Oferecemos servi\u00e7os especializados em pesquisa documental para auxiliar no processo de reconhecimento da sua nacionalidade. Saiba mais sobre cada tipo de cidadania:<\/p><p><b style=\"font-family: var( --e-global-typography-text-font-family ), Sans-serif; text-align: var(--text-align);\">Ciudadan\u00eda Italiana<\/b><\/p><p><strong>\u2022 Pesquisa de documentos:<\/strong> Buscamos certid\u00f5es de nascimento, casamento e \u00f3bito nos registros civis e eclesi\u00e1sticos, fundamentais para comprovar sua ascend\u00eancia.<br \/><strong>\u2022 An\u00e1lise documental:<\/strong> Verificamos cuidadosamente os documentos coletados, garantindo que atendam aos requisitos exigidos pelas autoridades italianas.<br \/><strong>\u2022 Orienta\u00e7\u00e3o personalizada:<\/strong> Ap\u00f3s a etapa de pesquisa, fornecemos orienta\u00e7\u00f5es claras sobre como prosseguir com o processo junto ao consulado ou aos \u00f3rg\u00e3os respons\u00e1veis.<\/p><p><b style=\"font-family: var( --e-global-typography-text-font-family ), Sans-serif; text-align: var(--text-align);\">Nacionalidad Espa\u00f1ola<\/b><\/p><p><strong>\u2022 Investiga\u00e7\u00e3o geneal\u00f3gica:<\/strong> Pesquisamos registros hist\u00f3ricos, como batismos e casamentos, para identificar e comprovar sua linhagem espanhola.<br \/><strong>\u2022 Consultoria especializada:<\/strong> Orientamos sobre os crit\u00e9rios exigidos, etapas do processo e estrat\u00e9gias adequadas com base nos documentos dispon\u00edveis.<\/p><p><b style=\"font-family: var( --e-global-typography-text-font-family ), Sans-serif; text-align: var(--text-align);\">Nacionalidad portuguesa<\/b><\/p><p><strong>\u2022 Pesquisa de registros portugueses:<\/strong> Localizamos certid\u00f5es e demais documentos oficiais em Portugal, essenciais para o processo de reconhecimento da nacionalidade.<br \/><strong>\u2022 An\u00e1lise documental:<\/strong> Avaliamos cuidadosamente os registros coletados para verificar se cumprem os requisitos exigidos pelas autoridades portuguesas, orientando sobre poss\u00edveis corre\u00e7\u00f5es ou complementa\u00e7\u00f5es necess\u00e1rias.<\/p>\t\t\t\t\t\t\t\t<\/div>\n\t\t\t\t<\/div>\n\t\t\t\t\t<\/div>\n\t\t\t\t<\/div>\n\t\t\t\t<\/div>","protected":false},"excerpt":{"rendered":"<p>Nacionalidade europeia Se voc\u00ea tem ascend\u00eancia italiana, espanhola ou portuguesa, \u00e9 poss\u00edvel que tenha direito \u00e0 cidadania europeia. Oferecemos servi\u00e7os especializados em pesquisa documental para auxiliar no processo de reconhecimento da sua nacionalidade. Saiba mais sobre cada tipo de cidadania: Cidadania Italiana \u00a0 \u00a0 \u00a0\u2022 Pesquisa de documentos: Buscamos certid\u00f5es de nascimento, casamento e \u00f3bito<br \/><a class=\"moretag\" href=\"https:\/\/trisavoli.com\/es\/servicos\/nacionalidade-europeia\/\">+ Read More<\/a><\/p>","protected":false},"author":1,"featured_media":0,"parent":567,"menu_order":0,"comment_status":"closed","ping_status":"closed","template":"elementor_header_footer","meta":{"_acf_changed":false,"footnotes":""},"class_list":["post-931","page","type-page","status-publish","hentry"],"acf":[],"yoast_head":"<!-- This site is optimized with the Yoast SEO plugin v27.2 - https:\/\/yoast.com\/product\/yoast-seo-wordpress\/ -->\n<title>Nacionalidade europeia - Trisavoli<\/title>\n<meta name=\"description\" content=\"Servi\u00e7os de genealogia, pesquisa de documentos para cidadania europeia (italiana, espanhola e portuguesa) e elabora\u00e7\u00e3o de \u00e1rvore geneal\u00f3gica\" \/>\n<meta name=\"robots\" content=\"index, follow, max-snippet:-1, max-image-preview:large, max-video-preview:-1\" \/>\n<link rel=\"canonical\" href=\"https:\/\/trisavoli.com\/es\/servicos\/nacionalidade-europeia\/\" \/>\n<meta property=\"og:locale\" content=\"es_ES\" \/>\n<meta property=\"og:type\" content=\"article\" \/>\n<meta property=\"og:title\" content=\"Nacionalidade europeia - Trisavoli\" \/>\n<meta property=\"og:description\" content=\"Servi\u00e7os de genealogia, pesquisa de documentos para cidadania europeia (italiana, espanhola e portuguesa) e elabora\u00e7\u00e3o de \u00e1rvore geneal\u00f3gica\" \/>\n<meta property=\"og:url\" content=\"https:\/\/trisavoli.com\/es\/servicos\/nacionalidade-europeia\/\" \/>\n<meta property=\"og:site_name\" content=\"Trisavoli\" \/>\n<meta property=\"article:modified_time\" content=\"2025-04-29T16:17:38+00:00\" \/>\n<meta name=\"twitter:card\" content=\"summary_large_image\" \/>\n<meta name=\"twitter:label1\" content=\"Tiempo de lectura\" \/>\n\t<meta name=\"twitter:data1\" content=\"3 minutos\" \/>\n<script type=\"application\/ld+json\" class=\"yoast-schema-graph\">{\"@context\":\"https:\/\/schema.org\",\"@graph\":[{\"@type\":\"WebPage\",\"@id\":\"https:\/\/trisavoli.com\/servicos\/nacionalidade-europeia\/\",\"url\":\"https:\/\/trisavoli.com\/servicos\/nacionalidade-europeia\/\",\"name\":\"Nacionalidade europeia - Trisavoli\",\"isPartOf\":{\"@id\":\"https:\/\/trisavoli.com\/#website\"},\"datePublished\":\"2024-08-19T11:12:41+00:00\",\"dateModified\":\"2025-04-29T16:17:38+00:00\",\"description\":\"Servi\u00e7os de genealogia, pesquisa de documentos para cidadania europeia (italiana, espanhola e portuguesa) e elabora\u00e7\u00e3o de \u00e1rvore geneal\u00f3gica\",\"breadcrumb\":{\"@id\":\"https:\/\/trisavoli.com\/servicos\/nacionalidade-europeia\/#breadcrumb\"},\"inLanguage\":\"es\",\"potentialAction\":[{\"@type\":\"ReadAction\",\"target\":[\"https:\/\/trisavoli.com\/servicos\/nacionalidade-europeia\/\"]}]},{\"@type\":\"BreadcrumbList\",\"@id\":\"https:\/\/trisavoli.com\/servicos\/nacionalidade-europeia\/#breadcrumb\",\"itemListElement\":[{\"@type\":\"ListItem\",\"position\":1,\"name\":\"In\u00edcio\",\"item\":\"https:\/\/trisavoli.com\/\"},{\"@type\":\"ListItem\",\"position\":2,\"name\":\"Servi\u00e7os\",\"item\":\"https:\/\/trisavoli.com\/servicos\/\"},{\"@type\":\"ListItem\",\"position\":3,\"name\":\"Nacionalidade europeia\"}]},{\"@type\":\"WebSite\",\"@id\":\"https:\/\/trisavoli.com\/#website\",\"url\":\"https:\/\/trisavoli.com\/\",\"name\":\"Trisavoli\",\"description\":\"\",\"publisher\":{\"@id\":\"https:\/\/trisavoli.com\/#organization\"},\"potentialAction\":[{\"@type\":\"SearchAction\",\"target\":{\"@type\":\"EntryPoint\",\"urlTemplate\":\"https:\/\/trisavoli.com\/?s={search_term_string}\"},\"query-input\":{\"@type\":\"PropertyValueSpecification\",\"valueRequired\":true,\"valueName\":\"search_term_string\"}}],\"inLanguage\":\"es\"},{\"@type\":\"Organization\",\"@id\":\"https:\/\/trisavoli.com\/#organization\",\"name\":\"Trisavoli\",\"url\":\"https:\/\/trisavoli.com\/\",\"logo\":{\"@type\":\"ImageObject\",\"inLanguage\":\"es\",\"@id\":\"https:\/\/trisavoli.com\/#\/schema\/logo\/image\/\",\"url\":\"https:\/\/trisavoli.com\/wp-content\/uploads\/2023\/10\/Logotipo-final-VERMELHO.png\",\"contentUrl\":\"https:\/\/trisavoli.com\/wp-content\/uploads\/2023\/10\/Logotipo-final-VERMELHO.png\",\"width\":1356,\"height\":447,\"caption\":\"Trisavoli\"},\"image\":{\"@id\":\"https:\/\/trisavoli.com\/#\/schema\/logo\/image\/\"}}]}<\/script>\n<!-- \/ Yoast SEO plugin. -->","yoast_head_json":{"title":"Nacionalidade europeia - Trisavoli","description":"Servi\u00e7os de genealogia, pesquisa de documentos para cidadania europeia (italiana, espanhola e portuguesa) e elabora\u00e7\u00e3o de \u00e1rvore geneal\u00f3gica","robots":{"index":"index","follow":"follow","max-snippet":"max-snippet:-1","max-image-preview":"max-image-preview:large","max-video-preview":"max-video-preview:-1"},"canonical":"https:\/\/trisavoli.com\/es\/servicos\/nacionalidade-europeia\/","og_locale":"es_ES","og_type":"article","og_title":"Nacionalidade europeia - Trisavoli","og_description":"Servi\u00e7os de genealogia, pesquisa de documentos para cidadania europeia (italiana, espanhola e portuguesa) e elabora\u00e7\u00e3o de \u00e1rvore geneal\u00f3gica","og_url":"https:\/\/trisavoli.com\/es\/servicos\/nacionalidade-europeia\/","og_site_name":"Trisavoli","article_modified_time":"2025-04-29T16:17:38+00:00","twitter_card":"summary_large_image","twitter_misc":{"Tiempo de lectura":"3 minutos"},"schema":{"@context":"https:\/\/schema.org","@graph":[{"@type":"WebPage","@id":"https:\/\/trisavoli.com\/servicos\/nacionalidade-europeia\/","url":"https:\/\/trisavoli.com\/servicos\/nacionalidade-europeia\/","name":"Nacionalidade europeia - Trisavoli","isPartOf":{"@id":"https:\/\/trisavoli.com\/#website"},"datePublished":"2024-08-19T11:12:41+00:00","dateModified":"2025-04-29T16:17:38+00:00","description":"Servi\u00e7os de genealogia, pesquisa de documentos para cidadania europeia (italiana, espanhola e portuguesa) e elabora\u00e7\u00e3o de \u00e1rvore geneal\u00f3gica","breadcrumb":{"@id":"https:\/\/trisavoli.com\/servicos\/nacionalidade-europeia\/#breadcrumb"},"inLanguage":"es","potentialAction":[{"@type":"ReadAction","target":["https:\/\/trisavoli.com\/servicos\/nacionalidade-europeia\/"]}]},{"@type":"BreadcrumbList","@id":"https:\/\/trisavoli.com\/servicos\/nacionalidade-europeia\/#breadcrumb","itemListElement":[{"@type":"ListItem","position":1,"name":"In\u00edcio","item":"https:\/\/trisavoli.com\/"},{"@type":"ListItem","position":2,"name":"Servi\u00e7os","item":"https:\/\/trisavoli.com\/servicos\/"},{"@type":"ListItem","position":3,"name":"Nacionalidade europeia"}]},{"@type":"WebSite","@id":"https:\/\/trisavoli.com\/#website","url":"https:\/\/trisavoli.com\/","name":"Trisavoli","description":"","publisher":{"@id":"https:\/\/trisavoli.com\/#organization"},"potentialAction":[{"@type":"SearchAction","target":{"@type":"EntryPoint","urlTemplate":"https:\/\/trisavoli.com\/?s={search_term_string}"},"query-input":{"@type":"PropertyValueSpecification","valueRequired":true,"valueName":"search_term_string"}}],"inLanguage":"es"},{"@type":"Organization","@id":"https:\/\/trisavoli.com\/#organization","name":"Trisavoli","url":"https:\/\/trisavoli.com\/","logo":{"@type":"ImageObject","inLanguage":"es","@id":"https:\/\/trisavoli.com\/#\/schema\/logo\/image\/","url":"https:\/\/trisavoli.com\/wp-content\/uploads\/2023\/10\/Logotipo-final-VERMELHO.png","contentUrl":"https:\/\/trisavoli.com\/wp-content\/uploads\/2023\/10\/Logotipo-final-VERMELHO.png","width":1356,"height":447,"caption":"Trisavoli"},"image":{"@id":"https:\/\/trisavoli.com\/#\/schema\/logo\/image\/"}}]}},"_links":{"self":[{"href":"https:\/\/trisavoli.com\/es\/wp-json\/wp\/v2\/pages\/931","targetHints":{"allow":["GET"]}}],"collection":[{"href":"https:\/\/trisavoli.com\/es\/wp-json\/wp\/v2\/pages"}],"about":[{"href":"https:\/\/trisavoli.com\/es\/wp-json\/wp\/v2\/types\/page"}],"author":[{"embeddable":true,"href":"https:\/\/trisavoli.com\/es\/wp-json\/wp\/v2\/users\/1"}],"replies":[{"embeddable":true,"href":"https:\/\/trisavoli.com\/es\/wp-json\/wp\/v2\/comments?post=931"}],"version-history":[{"count":28,"href":"https:\/\/trisavoli.com\/es\/wp-json\/wp\/v2\/pages\/931\/revisions"}],"predecessor-version":[{"id":1278,"href":"https:\/\/trisavoli.com\/es\/wp-json\/wp\/v2\/pages\/931\/revisions\/1278"}],"up":[{"embeddable":true,"href":"https:\/\/trisavoli.com\/es\/wp-json\/wp\/v2\/pages\/567"}],"wp:attachment":[{"href":"https:\/\/trisavoli.com\/es\/wp-json\/wp\/v2\/media?parent=931"}],"curies":[{"name":"wp","href":"https:\/\/api.w.org\/{rel}","templated":true}]}}