{"id":948,"date":"2024-08-19T13:54:52","date_gmt":"2024-08-19T13:54:52","guid":{"rendered":"https:\/\/trisavoli.com\/?page_id=948"},"modified":"2025-04-29T16:18:25","modified_gmt":"2025-04-29T16:18:25","slug":"transcricao-paleografica","status":"publish","type":"page","link":"https:\/\/trisavoli.com\/es\/servicos\/transcricao-paleografica\/","title":{"rendered":"Transcripci\u00f3n paleogr\u00e1fica"},"content":{"rendered":"<div data-elementor-type=\"wp-page\" data-elementor-id=\"948\" class=\"elementor elementor-948\">\n\t\t\t\t<div class=\"elementor-element elementor-element-4e3c90f e-flex e-con-boxed e-con e-parent\" data-id=\"4e3c90f\" data-element_type=\"container\" data-settings=\"{&quot;background_background&quot;:&quot;classic&quot;}\">\n\t\t\t\t\t<div class=\"e-con-inner\">\n\t\t\t\t\t<\/div>\n\t\t\t\t<\/div>\n\t\t<div class=\"elementor-element elementor-element-d0b2dbf elementor-hidden-mobile e-flex e-con-boxed e-con e-parent\" data-id=\"d0b2dbf\" data-element_type=\"container\">\n\t\t\t\t\t<div class=\"e-con-inner\">\n\t\t\t\t<div class=\"elementor-element elementor-element-5cd2fd7 elementor-widget elementor-widget-heading\" data-id=\"5cd2fd7\" data-element_type=\"widget\" data-widget_type=\"heading.default\">\n\t\t\t\t<div class=\"elementor-widget-container\">\n\t\t\t\t\t<h1 class=\"elementor-heading-title elementor-size-default\">Transcripci\u00f3n paleogr\u00e1fica<\/h1>\t\t\t\t<\/div>\n\t\t\t\t<\/div>\n\t\t\t\t\t<\/div>\n\t\t\t\t<\/div>\n\t\t<div class=\"elementor-element elementor-element-cd4eff5 elementor-hidden-mobile e-flex e-con-boxed e-con e-parent\" data-id=\"cd4eff5\" data-element_type=\"container\">\n\t\t\t\t\t<div class=\"e-con-inner\">\n\t\t\t\t<div class=\"elementor-element elementor-element-2813e37 elementor-widget elementor-widget-text-editor\" data-id=\"2813e37\" data-element_type=\"widget\" data-widget_type=\"text-editor.default\">\n\t\t\t\t<div class=\"elementor-widget-container\">\n\t\t\t\t\t\t\t\t\t<p>Muchas veces, los documentos antiguos encontrados en archivos personales, familiares o durante investigaciones documentales pueden ser dif\u00edciles de leer debido a la caligraf\u00eda arcaica y las abreviaturas utilizadas. Estos registros, valiosos tanto en contextos personales como profesionales, pueden parecer ininteligibles a primera vista.<\/p><p><b>Nuestros servicios<\/b><\/p><p>Ofrecemos un servicio especializado de transcripci\u00f3n paleogr\u00e1fica diplom\u00e1tica y semi-diplom\u00e1tica, para hacer la lectura m\u00e1s comprensible. Trabajamos con documentos en portugu\u00e9s y espa\u00f1ol a partir del siglo XVII.<\/p><p><br \/>Para receber mais informa\u00e7\u00f5es sobre como contratar os nossos servi\u00e7os <strong><a href=\"https:\/\/trisavoli.com\/es\/contato\/\">clique aqui<\/a><\/strong>.<\/p>\t\t\t\t\t\t\t\t<\/div>\n\t\t\t\t<\/div>\n\t\t\t\t\t<\/div>\n\t\t\t\t<\/div>\n\t\t<div class=\"elementor-element elementor-element-8f915cc e-flex e-con-boxed e-con e-parent\" data-id=\"8f915cc\" data-element_type=\"container\">\n\t\t\t\t\t<div class=\"e-con-inner\">\n\t\t\t\t<div class=\"elementor-element elementor-element-779b15f elementor-hidden-desktop elementor-hidden-tablet elementor-widget elementor-widget-heading\" data-id=\"779b15f\" data-element_type=\"widget\" data-widget_type=\"heading.default\">\n\t\t\t\t<div class=\"elementor-widget-container\">\n\t\t\t\t\t<h1 class=\"elementor-heading-title elementor-size-default\"><h1 data-elementor-setting-key=\"title\" data-pen-placeholder=\"Digite aqui...\" style=\"font-family: var( --e-global-typography-primary-font-family ), Sans-serif;font-weight: var( --e-global-typography-primary-font-weight )\">Transcri\u00e7\u00e3o paleogr\u00e1fica\u200b\u200b<\/h1><\/h1>\t\t\t\t<\/div>\n\t\t\t\t<\/div>\n\t\t\t\t\t<\/div>\n\t\t\t\t<\/div>\n\t\t<div class=\"elementor-element elementor-element-82b6b98 e-flex e-con-boxed e-con e-parent\" data-id=\"82b6b98\" data-element_type=\"container\">\n\t\t\t\t\t<div class=\"e-con-inner\">\n\t\t\t\t<div class=\"elementor-element elementor-element-061e576 elementor-hidden-desktop elementor-hidden-tablet elementor-widget elementor-widget-text-editor\" data-id=\"061e576\" data-element_type=\"widget\" data-widget_type=\"text-editor.default\">\n\t\t\t\t<div class=\"elementor-widget-container\">\n\t\t\t\t\t\t\t\t\t<p>Muchas veces, los documentos antiguos encontrados en archivos personales, familiares o durante investigaciones documentales pueden ser dif\u00edciles de leer debido a la caligraf\u00eda arcaica y las abreviaturas utilizadas. Estos registros, valiosos tanto en contextos personales como profesionales, pueden parecer ininteligibles a primera vista.<\/p><p><span style=\"font-weight: 700;\">Nuestros servicios<\/span><\/p><p>Ofrecemos un servicio especializado de transcripci\u00f3n paleogr\u00e1fica diplom\u00e1tica y semi-diplom\u00e1tica, para hacer la lectura m\u00e1s comprensible. Trabajamos con documentos en portugu\u00e9s y espa\u00f1ol a partir del siglo XVII.<\/p>\t\t\t\t\t\t\t\t<\/div>\n\t\t\t\t<\/div>\n\t\t\t\t\t<\/div>\n\t\t\t\t<\/div>\n\t\t\t\t<\/div>","protected":false},"excerpt":{"rendered":"<p>Transcri\u00e7\u00e3o paleogr\u00e1fica Muitas vezes, documentos antigos encontrados em arquivos pessoais, familiares ou durante pesquisas documentais podem ser dif\u00edceis de ler devido \u00e0 caligrafia arcaica e \u00e0s abreviaturas utilizadas. Esses registros, valiosos tanto em contextos pessoais quanto profissionais, podem parecer inintelig\u00edveis \u00e0 primeira vista. Nossos servi\u00e7os Oferecemos um servi\u00e7o especializado de transcri\u00e7\u00e3o paleogr\u00e1fica diplom\u00e1tica e semi-diplom\u00e1tica,<br \/><a class=\"moretag\" href=\"https:\/\/trisavoli.com\/es\/servicos\/transcricao-paleografica\/\">+ Read More<\/a><\/p>","protected":false},"author":1,"featured_media":0,"parent":567,"menu_order":0,"comment_status":"closed","ping_status":"closed","template":"elementor_header_footer","meta":{"_acf_changed":false,"footnotes":""},"class_list":["post-948","page","type-page","status-publish","hentry"],"acf":[],"yoast_head":"<!-- This site is optimized with the Yoast SEO plugin v27.2 - https:\/\/yoast.com\/product\/yoast-seo-wordpress\/ -->\n<title>Transcri\u00e7\u00e3o paleogr\u00e1fica - Trisavoli<\/title>\n<meta name=\"description\" content=\"Servi\u00e7os de genealogia, pesquisa de documentos para cidadania europeia (italiana, espanhola e portuguesa) e elabora\u00e7\u00e3o de \u00e1rvore geneal\u00f3gica\" \/>\n<meta name=\"robots\" content=\"index, follow, max-snippet:-1, max-image-preview:large, max-video-preview:-1\" \/>\n<link rel=\"canonical\" href=\"https:\/\/trisavoli.com\/es\/servicos\/transcricao-paleografica\/\" \/>\n<meta property=\"og:locale\" content=\"es_ES\" \/>\n<meta property=\"og:type\" content=\"article\" \/>\n<meta property=\"og:title\" content=\"Transcri\u00e7\u00e3o paleogr\u00e1fica - Trisavoli\" \/>\n<meta property=\"og:description\" content=\"Servi\u00e7os de genealogia, pesquisa de documentos para cidadania europeia (italiana, espanhola e portuguesa) e elabora\u00e7\u00e3o de \u00e1rvore geneal\u00f3gica\" \/>\n<meta property=\"og:url\" content=\"https:\/\/trisavoli.com\/es\/servicos\/transcricao-paleografica\/\" \/>\n<meta property=\"og:site_name\" content=\"Trisavoli\" \/>\n<meta property=\"article:modified_time\" content=\"2025-04-29T16:18:25+00:00\" \/>\n<meta name=\"twitter:card\" content=\"summary_large_image\" \/>\n<meta name=\"twitter:label1\" content=\"Tiempo de lectura\" \/>\n\t<meta name=\"twitter:data1\" content=\"1 minuto\" \/>\n<script type=\"application\/ld+json\" class=\"yoast-schema-graph\">{\"@context\":\"https:\/\/schema.org\",\"@graph\":[{\"@type\":\"WebPage\",\"@id\":\"https:\/\/trisavoli.com\/servicos\/transcricao-paleografica\/\",\"url\":\"https:\/\/trisavoli.com\/servicos\/transcricao-paleografica\/\",\"name\":\"Transcri\u00e7\u00e3o paleogr\u00e1fica - Trisavoli\",\"isPartOf\":{\"@id\":\"https:\/\/trisavoli.com\/#website\"},\"datePublished\":\"2024-08-19T13:54:52+00:00\",\"dateModified\":\"2025-04-29T16:18:25+00:00\",\"description\":\"Servi\u00e7os de genealogia, pesquisa de documentos para cidadania europeia (italiana, espanhola e portuguesa) e elabora\u00e7\u00e3o de \u00e1rvore geneal\u00f3gica\",\"breadcrumb\":{\"@id\":\"https:\/\/trisavoli.com\/servicos\/transcricao-paleografica\/#breadcrumb\"},\"inLanguage\":\"es\",\"potentialAction\":[{\"@type\":\"ReadAction\",\"target\":[\"https:\/\/trisavoli.com\/servicos\/transcricao-paleografica\/\"]}]},{\"@type\":\"BreadcrumbList\",\"@id\":\"https:\/\/trisavoli.com\/servicos\/transcricao-paleografica\/#breadcrumb\",\"itemListElement\":[{\"@type\":\"ListItem\",\"position\":1,\"name\":\"In\u00edcio\",\"item\":\"https:\/\/trisavoli.com\/\"},{\"@type\":\"ListItem\",\"position\":2,\"name\":\"Servi\u00e7os\",\"item\":\"https:\/\/trisavoli.com\/servicos\/\"},{\"@type\":\"ListItem\",\"position\":3,\"name\":\"Transcri\u00e7\u00e3o paleogr\u00e1fica\"}]},{\"@type\":\"WebSite\",\"@id\":\"https:\/\/trisavoli.com\/#website\",\"url\":\"https:\/\/trisavoli.com\/\",\"name\":\"Trisavoli\",\"description\":\"\",\"publisher\":{\"@id\":\"https:\/\/trisavoli.com\/#organization\"},\"potentialAction\":[{\"@type\":\"SearchAction\",\"target\":{\"@type\":\"EntryPoint\",\"urlTemplate\":\"https:\/\/trisavoli.com\/?s={search_term_string}\"},\"query-input\":{\"@type\":\"PropertyValueSpecification\",\"valueRequired\":true,\"valueName\":\"search_term_string\"}}],\"inLanguage\":\"es\"},{\"@type\":\"Organization\",\"@id\":\"https:\/\/trisavoli.com\/#organization\",\"name\":\"Trisavoli\",\"url\":\"https:\/\/trisavoli.com\/\",\"logo\":{\"@type\":\"ImageObject\",\"inLanguage\":\"es\",\"@id\":\"https:\/\/trisavoli.com\/#\/schema\/logo\/image\/\",\"url\":\"https:\/\/trisavoli.com\/wp-content\/uploads\/2023\/10\/Logotipo-final-VERMELHO.png\",\"contentUrl\":\"https:\/\/trisavoli.com\/wp-content\/uploads\/2023\/10\/Logotipo-final-VERMELHO.png\",\"width\":1356,\"height\":447,\"caption\":\"Trisavoli\"},\"image\":{\"@id\":\"https:\/\/trisavoli.com\/#\/schema\/logo\/image\/\"}}]}<\/script>\n<!-- \/ Yoast SEO plugin. -->","yoast_head_json":{"title":"Transcri\u00e7\u00e3o paleogr\u00e1fica - Trisavoli","description":"Servi\u00e7os de genealogia, pesquisa de documentos para cidadania europeia (italiana, espanhola e portuguesa) e elabora\u00e7\u00e3o de \u00e1rvore geneal\u00f3gica","robots":{"index":"index","follow":"follow","max-snippet":"max-snippet:-1","max-image-preview":"max-image-preview:large","max-video-preview":"max-video-preview:-1"},"canonical":"https:\/\/trisavoli.com\/es\/servicos\/transcricao-paleografica\/","og_locale":"es_ES","og_type":"article","og_title":"Transcri\u00e7\u00e3o paleogr\u00e1fica - Trisavoli","og_description":"Servi\u00e7os de genealogia, pesquisa de documentos para cidadania europeia (italiana, espanhola e portuguesa) e elabora\u00e7\u00e3o de \u00e1rvore geneal\u00f3gica","og_url":"https:\/\/trisavoli.com\/es\/servicos\/transcricao-paleografica\/","og_site_name":"Trisavoli","article_modified_time":"2025-04-29T16:18:25+00:00","twitter_card":"summary_large_image","twitter_misc":{"Tiempo de lectura":"1 minuto"},"schema":{"@context":"https:\/\/schema.org","@graph":[{"@type":"WebPage","@id":"https:\/\/trisavoli.com\/servicos\/transcricao-paleografica\/","url":"https:\/\/trisavoli.com\/servicos\/transcricao-paleografica\/","name":"Transcri\u00e7\u00e3o paleogr\u00e1fica - Trisavoli","isPartOf":{"@id":"https:\/\/trisavoli.com\/#website"},"datePublished":"2024-08-19T13:54:52+00:00","dateModified":"2025-04-29T16:18:25+00:00","description":"Servi\u00e7os de genealogia, pesquisa de documentos para cidadania europeia (italiana, espanhola e portuguesa) e elabora\u00e7\u00e3o de \u00e1rvore geneal\u00f3gica","breadcrumb":{"@id":"https:\/\/trisavoli.com\/servicos\/transcricao-paleografica\/#breadcrumb"},"inLanguage":"es","potentialAction":[{"@type":"ReadAction","target":["https:\/\/trisavoli.com\/servicos\/transcricao-paleografica\/"]}]},{"@type":"BreadcrumbList","@id":"https:\/\/trisavoli.com\/servicos\/transcricao-paleografica\/#breadcrumb","itemListElement":[{"@type":"ListItem","position":1,"name":"In\u00edcio","item":"https:\/\/trisavoli.com\/"},{"@type":"ListItem","position":2,"name":"Servi\u00e7os","item":"https:\/\/trisavoli.com\/servicos\/"},{"@type":"ListItem","position":3,"name":"Transcri\u00e7\u00e3o paleogr\u00e1fica"}]},{"@type":"WebSite","@id":"https:\/\/trisavoli.com\/#website","url":"https:\/\/trisavoli.com\/","name":"Trisavoli","description":"","publisher":{"@id":"https:\/\/trisavoli.com\/#organization"},"potentialAction":[{"@type":"SearchAction","target":{"@type":"EntryPoint","urlTemplate":"https:\/\/trisavoli.com\/?s={search_term_string}"},"query-input":{"@type":"PropertyValueSpecification","valueRequired":true,"valueName":"search_term_string"}}],"inLanguage":"es"},{"@type":"Organization","@id":"https:\/\/trisavoli.com\/#organization","name":"Trisavoli","url":"https:\/\/trisavoli.com\/","logo":{"@type":"ImageObject","inLanguage":"es","@id":"https:\/\/trisavoli.com\/#\/schema\/logo\/image\/","url":"https:\/\/trisavoli.com\/wp-content\/uploads\/2023\/10\/Logotipo-final-VERMELHO.png","contentUrl":"https:\/\/trisavoli.com\/wp-content\/uploads\/2023\/10\/Logotipo-final-VERMELHO.png","width":1356,"height":447,"caption":"Trisavoli"},"image":{"@id":"https:\/\/trisavoli.com\/#\/schema\/logo\/image\/"}}]}},"_links":{"self":[{"href":"https:\/\/trisavoli.com\/es\/wp-json\/wp\/v2\/pages\/948","targetHints":{"allow":["GET"]}}],"collection":[{"href":"https:\/\/trisavoli.com\/es\/wp-json\/wp\/v2\/pages"}],"about":[{"href":"https:\/\/trisavoli.com\/es\/wp-json\/wp\/v2\/types\/page"}],"author":[{"embeddable":true,"href":"https:\/\/trisavoli.com\/es\/wp-json\/wp\/v2\/users\/1"}],"replies":[{"embeddable":true,"href":"https:\/\/trisavoli.com\/es\/wp-json\/wp\/v2\/comments?post=948"}],"version-history":[{"count":14,"href":"https:\/\/trisavoli.com\/es\/wp-json\/wp\/v2\/pages\/948\/revisions"}],"predecessor-version":[{"id":1282,"href":"https:\/\/trisavoli.com\/es\/wp-json\/wp\/v2\/pages\/948\/revisions\/1282"}],"up":[{"embeddable":true,"href":"https:\/\/trisavoli.com\/es\/wp-json\/wp\/v2\/pages\/567"}],"wp:attachment":[{"href":"https:\/\/trisavoli.com\/es\/wp-json\/wp\/v2\/media?parent=948"}],"curies":[{"name":"wp","href":"https:\/\/api.w.org\/{rel}","templated":true}]}}